{"id":467,"date":"2021-06-01T11:55:52","date_gmt":"2021-06-01T11:55:52","guid":{"rendered":"https:\/\/insecnology.com\/?page_id=467"},"modified":"2021-06-18T06:28:23","modified_gmt":"2021-06-18T06:28:23","slug":"curso-de-insecnology-sistema-de-cria","status":"publish","type":"page","link":"https:\/\/insecnology.com\/es\/curso-de-insecnology-sistema-de-cria\/","title":{"rendered":"INSECNOLOGY BREEDING SYSTEM CONSULTORIO"},"content":{"rendered":"\t\t<div data-elementor-type=\"wp-page\" data-elementor-id=\"467\" class=\"elementor elementor-467\">\n\t\t\t\t\t\t<section class=\"elementor-section elementor-top-section elementor-element elementor-element-4c840fb elementor-section-boxed elementor-section-height-default elementor-section-height-default\" data-id=\"4c840fb\" data-element_type=\"section\" data-e-type=\"section\">\n\t\t\t\t\t\t<div class=\"elementor-container elementor-column-gap-default\">\n\t\t\t\t\t<div class=\"elementor-column elementor-col-100 elementor-top-column elementor-element elementor-element-8e80285\" data-id=\"8e80285\" data-element_type=\"column\" data-e-type=\"column\">\n\t\t\t<div class=\"elementor-widget-wrap elementor-element-populated\">\n\t\t\t\t\t\t<div class=\"elementor-element elementor-element-43dc390 elementor-widget elementor-widget-text-editor\" data-id=\"43dc390\" data-element_type=\"widget\" data-e-type=\"widget\" data-widget_type=\"text-editor.default\">\n\t\t\t\t<div class=\"elementor-widget-container\">\n\t\t\t\t\t\t\t\t\t<p class=\"MsoNormal\" style=\"text-align: left;\" align=\"center\">Paul Jacobs<\/p><p class=\"MsoNormal\" style=\"text-align: left;\" align=\"center\">Con m\u00e1s de 25 a\u00f1os de experiencia en la cr\u00eda de insectos, podemos ofrecer capacitaci\u00f3n para aumentar la producci\u00f3n de su granja de cricket. La insecnolog\u00eda proporciona un sistema de reproducci\u00f3n \u00fanico para grillos y langostas.<\/p><p class=\"MsoNormal\" style=\"text-align: left;\" align=\"center\">Somos especialistas en este mercado. Desde cero a una explotaci\u00f3n rentable<\/p><p class=\"MsoNormal\" style=\"text-align: left;\" align=\"center\">Taller de sistema \u00a0de Insecnology\u00a9 (en l\u00ednea)<\/p><p class=\"MsoNormal\" style=\"text-align: left;\" align=\"center\">Curso de 3 meses<\/p><p class=\"MsoNormal\" style=\"text-align: left;\">&#8211; Insecnology \u00a9 Manual de cr\u00eda<\/p><p class=\"MsoNormal\" style=\"text-align: left;\">&#8211; Analizando tus instalaciones<\/p><p class=\"MsoNormal\" style=\"text-align: left;\">&#8211; Asesoramiento en el dise\u00f1o de su instalaci\u00f3n de cr\u00eda<\/p><p class=\"MsoNormal\" style=\"text-align: left;\">&#8211; Formaci\u00f3n online en producci\u00f3n de huevos<\/p><p class=\"MsoNormal\" style=\"text-align: left;\">&#8211; Formaci\u00f3n online para criar grillos.<\/p><p class=\"MsoNormal\" style=\"text-align: left;\">&#8211; Soluci\u00f3n de problemas personales en l\u00ednea<\/p><p class=\"MsoNormal\" style=\"text-align: left;\">&#8211; Entrenamiento intensivo 3-4 veces por semana durante el primer ciclo de cr\u00eda<\/p><p class=\"MsoNormal\" style=\"text-align: left;\">&#8211; Entrenamiento 2 veces por semana en las siguientes semanas<\/p><p class=\"MsoNormal\" style=\"text-align: left;\">&#8211; Soporte personal online (limitado) en crianza tras finalizar el taller.<\/p><p class=\"MsoNormal\" style=\"text-align: left;\">&#8211; Descuentos en todo el material de cr\u00eda de Insecnology \u00a9<\/p><p class=\"MsoNormal\" style=\"text-align: left;\" align=\"center\">El precio de este curso de 3 meses es de \u20ac 5.000, &#8211;<\/p><p class=\"MsoNormal\" style=\"text-align: left;\" align=\"center\">Condiciones:<\/p><p class=\"MsoNormal\" style=\"text-align: left;\" align=\"center\">Primer pago 2.500 \u20ac, &#8211; a la aceptaci\u00f3n de la oferta y 5 pagos de 500 \u20ac, un pago cada dos semanas,<\/p><p class=\"MsoNormal\" style=\"text-align: left;\" align=\"center\"><span lang=\"EN-GB\">IVA no incl.<\/span><\/p>\t\t\t\t\t\t\t\t<\/div>\n\t\t\t\t<\/div>\n\t\t\t\t\t<\/div>\n\t\t<\/div>\n\t\t\t\t\t<\/div>\n\t\t<\/section>\n\t\t\t\t<section class=\"elementor-section elementor-top-section elementor-element elementor-element-304f324 elementor-section-boxed elementor-section-height-default elementor-section-height-default\" data-id=\"304f324\" data-element_type=\"section\" data-e-type=\"section\">\n\t\t\t\t\t\t<div class=\"elementor-container elementor-column-gap-default\">\n\t\t\t\t\t<div class=\"elementor-column elementor-col-100 elementor-top-column elementor-element elementor-element-90a64cb\" data-id=\"90a64cb\" data-element_type=\"column\" data-e-type=\"column\">\n\t\t\t<div class=\"elementor-widget-wrap elementor-element-populated\">\n\t\t\t\t\t\t<div class=\"elementor-element elementor-element-732bafa elementor-widget elementor-widget-text-editor\" data-id=\"732bafa\" data-element_type=\"widget\" data-e-type=\"widget\" data-widget_type=\"text-editor.default\">\n\t\t\t\t<div class=\"elementor-widget-container\">\n\t\t\t\t\t\t\t\t\t<p>Paul Jacobs<\/p><p>Con m\u00e1s de 25 a\u00f1os de experiencia en la cr\u00eda de insectos, podemos ofrecer consultor\u00eda en l\u00ednea para aumentar la producci\u00f3n de su granja de cricket. La insecnology proporciona un sistema de reproducci\u00f3n \u00fanico para grillos y langostas.<\/p><p>Somos especialistas en este mercado. De cero a una explotaci\u00f3n rentable<\/p><p>Consultor\u00eda de sistema \u00a0Insecnology\u00a9 \u00a0(en l\u00ednea)<\/p><p>Contrato de 12 meses<\/p><p>&#8211; Insecnology \u00a9 Manual de cr\u00eda<\/p><p>&#8211; Analizando tu finca<\/p><p>&#8211; Asesoramiento en el dise\u00f1o de su instalaci\u00f3n de cr\u00eda<\/p><p>&#8211; Formaci\u00f3n online en producci\u00f3n de huevos<\/p><p>&#8211; Formaci\u00f3n online para criar grillos.<\/p><p>&#8211; Soluci\u00f3n de problemas personales en l\u00ednea<\/p><p>&#8211; Entrenamiento intensivo durante el primer ciclo de cr\u00eda<\/p><p>&#8211; Por mes, 2-4 veces asesorando y evaluando la finca en los meses siguientes<\/p><p>&#8211; Soporte personal online (limitado) en la cr\u00eda tras finalizar el contrato.<\/p><p>&#8211; Descuentos en todo el material de cr\u00eda de Insecnology \u00a9<\/p><p>El precio de este contrato de consultor\u00eda de 12 meses es de 500 \u20ac al mes.<\/p><p>IVA no incl.<\/p><p>Formacion en tu granja: consultar condiciones<\/p>\t\t\t\t\t\t\t\t<\/div>\n\t\t\t\t<\/div>\n\t\t\t\t\t<\/div>\n\t\t<\/div>\n\t\t\t\t\t<\/div>\n\t\t<\/section>\n\t\t\t\t<section class=\"elementor-section elementor-top-section elementor-element elementor-element-da5b37e elementor-section-boxed elementor-section-height-default elementor-section-height-default\" data-id=\"da5b37e\" data-element_type=\"section\" data-e-type=\"section\">\n\t\t\t\t\t\t<div class=\"elementor-container elementor-column-gap-default\">\n\t\t\t\t\t<div class=\"elementor-column elementor-col-100 elementor-top-column elementor-element elementor-element-4993267\" data-id=\"4993267\" data-element_type=\"column\" data-e-type=\"column\">\n\t\t\t<div class=\"elementor-widget-wrap elementor-element-populated\">\n\t\t\t\t\t\t<div class=\"elementor-element elementor-element-a41a406 elementor-widget elementor-widget-text-editor\" data-id=\"a41a406\" data-element_type=\"widget\" data-e-type=\"widget\" data-widget_type=\"text-editor.default\">\n\t\t\t\t<div class=\"elementor-widget-container\">\n\t\t\t\t\t\t\t\t\t<p style=\"text-align: center;\"><b>\u00bfQuieres apuntarte al curso?<\/b><\/p>\t\t\t\t\t\t\t\t<\/div>\n\t\t\t\t<\/div>\n\t\t\t\t\t<\/div>\n\t\t<\/div>\n\t\t\t\t\t<\/div>\n\t\t<\/section>\n\t\t\t\t<section class=\"elementor-section elementor-top-section elementor-element elementor-element-1853fbe elementor-section-boxed elementor-section-height-default elementor-section-height-default\" data-id=\"1853fbe\" data-element_type=\"section\" data-e-type=\"section\">\n\t\t\t\t\t\t<div class=\"elementor-container elementor-column-gap-default\">\n\t\t\t\t\t<div class=\"elementor-column elementor-col-100 elementor-top-column elementor-element elementor-element-8078c07\" data-id=\"8078c07\" data-element_type=\"column\" data-e-type=\"column\">\n\t\t\t<div class=\"elementor-widget-wrap elementor-element-populated\">\n\t\t\t\t\t\t<div class=\"elementor-element elementor-element-e77a88f elementor-widget elementor-widget-text-editor\" data-id=\"e77a88f\" data-element_type=\"widget\" data-e-type=\"widget\" data-widget_type=\"text-editor.default\">\n\t\t\t\t<div class=\"elementor-widget-container\">\n\t\t\t\t\t\t\t\t\t<p style=\"text-align: center;\">\n<div class=\"wpcf7 no-js\" id=\"wpcf7-f1098-o1\" lang=\"en-US\" dir=\"ltr\" data-wpcf7-id=\"1098\">\n<div class=\"screen-reader-response\"><p role=\"status\" aria-live=\"polite\" aria-atomic=\"true\"><\/p> <ul><\/ul><\/div>\n<form action=\"\/es\/wp-json\/wp\/v2\/pages\/467#wpcf7-f1098-o1\" method=\"post\" class=\"wpcf7-form init\" aria-label=\"Contact form\" novalidate=\"novalidate\" data-status=\"init\">\n<fieldset class=\"hidden-fields-container\"><input type=\"hidden\" name=\"_wpcf7\" value=\"1098\" \/><input type=\"hidden\" name=\"_wpcf7_version\" value=\"6.1.5\" \/><input type=\"hidden\" name=\"_wpcf7_locale\" value=\"en_US\" \/><input type=\"hidden\" name=\"_wpcf7_unit_tag\" value=\"wpcf7-f1098-o1\" \/><input type=\"hidden\" name=\"_wpcf7_container_post\" value=\"0\" \/><input type=\"hidden\" name=\"_wpcf7_posted_data_hash\" value=\"\" \/><input type=\"hidden\" name=\"_wpcf7_recaptcha_response\" value=\"\" \/>\n<\/fieldset>\n<div align=\"center\">\n\t<div>\n\t\t<p><span class=\"wpcf7-form-control-wrap\" data-name=\"your-name\"><input size=\"40\" maxlength=\"400\" class=\"wpcf7-form-control wpcf7-text wpcf7-validates-as-required\" aria-required=\"true\" aria-invalid=\"false\" placeholder=\"Nombre\" value=\"\" type=\"text\" name=\"your-name\" \/><\/span>\n\t\t<\/p>\n\t<\/div>\n\t<div>\n\t\t<p><span class=\"wpcf7-form-control-wrap\" data-name=\"your-address\"><input size=\"40\" maxlength=\"400\" class=\"wpcf7-form-control wpcf7-text wpcf7-validates-as-required\" aria-required=\"true\" aria-invalid=\"false\" placeholder=\"Direcci\u00f3n\" value=\"\" type=\"text\" name=\"your-address\" \/><\/span>\n\t\t<\/p>\n\t<\/div>\n\t<div>\n\t\t<p><span class=\"wpcf7-form-control-wrap\" data-name=\"postal-code\"><input size=\"40\" maxlength=\"400\" class=\"wpcf7-form-control wpcf7-text wpcf7-validates-as-required\" aria-required=\"true\" aria-invalid=\"false\" placeholder=\"C\u00f3digo Postal\" value=\"\" type=\"text\" name=\"postal-code\" \/><\/span>\n\t\t<\/p>\n\t<\/div>\n\t<div>\n\t\t<p><span class=\"wpcf7-form-control-wrap\" data-name=\"your-locality\"><input size=\"40\" maxlength=\"400\" class=\"wpcf7-form-control wpcf7-text wpcf7-validates-as-required\" aria-required=\"true\" aria-invalid=\"false\" placeholder=\"Localidad\" value=\"\" type=\"text\" name=\"your-locality\" \/><\/span>\n\t\t<\/p>\n\t<\/div>\n\t<div>\n\t\t<p><span class=\"wpcf7-form-control-wrap\" data-name=\"your-province\"><input size=\"40\" maxlength=\"400\" class=\"wpcf7-form-control wpcf7-text wpcf7-validates-as-required\" aria-required=\"true\" aria-invalid=\"false\" placeholder=\"Provincia\" value=\"\" type=\"text\" name=\"your-province\" \/><\/span>\n\t\t<\/p>\n\t<\/div>\n\t<div>\n\t\t<p><span class=\"wpcf7-form-control-wrap\" data-name=\"your-country\"><input size=\"40\" maxlength=\"400\" class=\"wpcf7-form-control wpcf7-text wpcf7-validates-as-required\" aria-required=\"true\" aria-invalid=\"false\" placeholder=\"Pa\u00eds\" value=\"\" type=\"text\" name=\"your-country\" \/><\/span>\n\t\t<\/p>\n\t<\/div>\n\t<div>\n\t\t<p><span class=\"wpcf7-form-control-wrap\" data-name=\"your-email\"><input size=\"40\" maxlength=\"400\" class=\"wpcf7-form-control wpcf7-email wpcf7-validates-as-required wpcf7-text wpcf7-validates-as-email\" aria-required=\"true\" aria-invalid=\"false\" placeholder=\"Email\" value=\"\" type=\"email\" name=\"your-email\" \/><\/span>\n\t\t<\/p>\n\t<\/div>\n\t<div>\n\t\t<p><span class=\"wpcf7-form-control-wrap\" data-name=\"telefono\"><input size=\"40\" maxlength=\"400\" class=\"wpcf7-form-control wpcf7-text wpcf7-validates-as-required\" aria-required=\"true\" aria-invalid=\"false\" placeholder=\"Tel\u00e9fono\" value=\"\" type=\"text\" name=\"telefono\" \/><\/span>\n\t\t<\/p>\n\t<\/div>\n\t<div>\n\t\t<p><span class=\"wpcf7-form-control-wrap\" data-name=\"acceptance-250\"><span class=\"wpcf7-form-control wpcf7-acceptance\"><span class=\"wpcf7-list-item\"><label><input type=\"checkbox\" name=\"acceptance-250\" value=\"1\" aria-invalid=\"false\" \/><span class=\"wpcf7-list-item-label\">He le\u00eddo y aceptado la <a href=\"\/privacy-policy\/\" target=\"_blank\">pol\u00edtica de privacidad<\/a><\/span><\/label><\/span><\/span><\/span>\n\t\t<\/p>\n\t<\/div>\n\t<div>\n\t\t<p><input class=\"wpcf7-form-control wpcf7-submit has-spinner\" type=\"submit\" value=\"Enviar\" \/>\n\t\t<\/p>\n\t<\/div>\n<\/div><div class=\"wpcf7-response-output\" aria-hidden=\"true\"><\/div>\n<\/form>\n<\/div>\n<\/p>\t\t\t\t\t\t\t\t<\/div>\n\t\t\t\t<\/div>\n\t\t\t\t\t<\/div>\n\t\t<\/div>\n\t\t\t\t\t<\/div>\n\t\t<\/section>\n\t\t\t\t<\/div>\n\t\t","protected":false},"excerpt":{"rendered":"<p>Paul Jacobs Con m\u00e1s de 25 a\u00f1os de experiencia en la cr\u00eda de insectos, podemos ofrecer capacitaci\u00f3n para aumentar la producci\u00f3n de su granja de cricket. La insecnolog\u00eda proporciona un sistema de reproducci\u00f3n \u00fanico para grillos y langostas. Somos especialistas en este mercado. Desde cero a una explotaci\u00f3n rentable Taller de sistema &nbsp;de Insecnology\u00a9 (en &#8230; <a title=\"INSECNOLOGY BREEDING SYSTEM CONSULTORIO\" class=\"read-more\" href=\"https:\/\/insecnology.com\/es\/curso-de-insecnology-sistema-de-cria\/\">Leer m\u00e1s<span class=\"screen-reader-text\">INSECNOLOGY BREEDING SYSTEM CONSULTORIO<\/span><\/a><\/p>\n","protected":false},"author":14,"featured_media":0,"parent":0,"menu_order":0,"comment_status":"closed","ping_status":"closed","template":"","meta":{"footnotes":""},"class_list":["post-467","page","type-page","status-publish"],"_links":{"self":[{"href":"https:\/\/insecnology.com\/es\/wp-json\/wp\/v2\/pages\/467","targetHints":{"allow":["GET"]}}],"collection":[{"href":"https:\/\/insecnology.com\/es\/wp-json\/wp\/v2\/pages"}],"about":[{"href":"https:\/\/insecnology.com\/es\/wp-json\/wp\/v2\/types\/page"}],"author":[{"embeddable":true,"href":"https:\/\/insecnology.com\/es\/wp-json\/wp\/v2\/users\/14"}],"replies":[{"embeddable":true,"href":"https:\/\/insecnology.com\/es\/wp-json\/wp\/v2\/comments?post=467"}],"version-history":[{"count":16,"href":"https:\/\/insecnology.com\/es\/wp-json\/wp\/v2\/pages\/467\/revisions"}],"predecessor-version":[{"id":1126,"href":"https:\/\/insecnology.com\/es\/wp-json\/wp\/v2\/pages\/467\/revisions\/1126"}],"wp:attachment":[{"href":"https:\/\/insecnology.com\/es\/wp-json\/wp\/v2\/media?parent=467"}],"curies":[{"name":"wp","href":"https:\/\/api.w.org\/{rel}","templated":true}]}}