{"id":764,"date":"2021-06-04T10:19:09","date_gmt":"2021-06-04T10:19:09","guid":{"rendered":"https:\/\/insecnology.com\/?page_id=764"},"modified":"2021-06-07T09:51:35","modified_gmt":"2021-06-07T09:51:35","slug":"sobre-nosotros","status":"publish","type":"page","link":"https:\/\/insecnology.com\/es\/sobre-nosotros\/","title":{"rendered":"Sobre Nosotros"},"content":{"rendered":"\t\t<div data-elementor-type=\"wp-post\" data-elementor-id=\"764\" class=\"elementor elementor-764\">\n\t\t\t\t\t\t<section class=\"elementor-section elementor-top-section elementor-element elementor-element-65ddfa45 elementor-section-boxed elementor-section-height-default elementor-section-height-default\" data-id=\"65ddfa45\" data-element_type=\"section\" data-e-type=\"section\">\n\t\t\t\t\t\t<div class=\"elementor-container elementor-column-gap-no\">\n\t\t\t\t\t<div class=\"elementor-column elementor-col-50 elementor-top-column elementor-element elementor-element-365faa3b\" data-id=\"365faa3b\" data-element_type=\"column\" data-e-type=\"column\">\n\t\t\t<div class=\"elementor-widget-wrap elementor-element-populated\">\n\t\t\t\t\t\t<div class=\"elementor-element elementor-element-7be5075 elementor-hidden-desktop elementor-hidden-tablet elementor-invisible elementor-widget elementor-widget-heading\" data-id=\"7be5075\" data-element_type=\"widget\" data-e-type=\"widget\" data-settings=\"{&quot;_animation&quot;:&quot;fadeIn&quot;}\" data-widget_type=\"heading.default\">\n\t\t\t\t<div class=\"elementor-widget-container\">\n\t\t\t\t\t<h2 class=\"elementor-heading-title elementor-size-large\">Sobre Nosotros<\/h2>\t\t\t\t<\/div>\n\t\t\t\t<\/div>\n\t\t\t\t<div class=\"elementor-element elementor-element-78ea5610 elementor-invisible elementor-widget elementor-widget-image\" data-id=\"78ea5610\" data-element_type=\"widget\" data-e-type=\"widget\" data-settings=\"{&quot;_animation&quot;:&quot;fadeIn&quot;}\" data-widget_type=\"image.default\">\n\t\t\t\t<div class=\"elementor-widget-container\">\n\t\t\t\t\t\t\t\t\t\t\t\t\t\t\t<img fetchpriority=\"high\" decoding=\"async\" width=\"499\" height=\"745\" src=\"https:\/\/insecnology.com\/wp-content\/uploads\/2019\/04\/Paul-Caressa-Insecnology.jpg\" class=\"attachment-full size-full wp-image-233\" alt=\"\" srcset=\"https:\/\/insecnology.com\/wp-content\/uploads\/2019\/04\/Paul-Caressa-Insecnology.jpg 499w, https:\/\/insecnology.com\/wp-content\/uploads\/2019\/04\/Paul-Caressa-Insecnology-201x300.jpg 201w\" sizes=\"(max-width: 499px) 100vw, 499px\" \/>\t\t\t\t\t\t\t\t\t\t\t\t\t\t\t<\/div>\n\t\t\t\t<\/div>\n\t\t\t\t\t<\/div>\n\t\t<\/div>\n\t\t\t\t<div class=\"elementor-column elementor-col-50 elementor-top-column elementor-element elementor-element-784df9b9\" data-id=\"784df9b9\" data-element_type=\"column\" data-e-type=\"column\" data-settings=\"{&quot;background_background&quot;:&quot;classic&quot;}\">\n\t\t\t<div class=\"elementor-widget-wrap elementor-element-populated\">\n\t\t\t\t\t\t<div class=\"elementor-element elementor-element-b7cc161 elementor-hidden-phone elementor-invisible elementor-widget elementor-widget-heading\" data-id=\"b7cc161\" data-element_type=\"widget\" data-e-type=\"widget\" data-settings=\"{&quot;_animation&quot;:&quot;fadeIn&quot;}\" data-widget_type=\"heading.default\">\n\t\t\t\t<div class=\"elementor-widget-container\">\n\t\t\t\t\t<h2 class=\"elementor-heading-title elementor-size-large\">Sobre Nosotros<br><\/h2>\t\t\t\t<\/div>\n\t\t\t\t<\/div>\n\t\t\t\t<section class=\"elementor-section elementor-inner-section elementor-element elementor-element-350aa0ac elementor-reverse-mobile elementor-section-boxed elementor-section-height-default elementor-section-height-default\" data-id=\"350aa0ac\" data-element_type=\"section\" data-e-type=\"section\">\n\t\t\t\t\t\t<div class=\"elementor-container elementor-column-gap-default\">\n\t\t\t\t\t<div class=\"elementor-column elementor-col-100 elementor-inner-column elementor-element elementor-element-76bed202\" data-id=\"76bed202\" data-element_type=\"column\" data-e-type=\"column\" data-settings=\"{&quot;background_background&quot;:&quot;gradient&quot;}\">\n\t\t\t<div class=\"elementor-widget-wrap elementor-element-populated\">\n\t\t\t\t\t\t<div class=\"elementor-element elementor-element-3734b03e animated-fast elementor-invisible elementor-widget elementor-widget-text-editor\" data-id=\"3734b03e\" data-element_type=\"widget\" data-e-type=\"widget\" data-settings=\"{&quot;_animation&quot;:&quot;fadeIn&quot;}\" data-widget_type=\"text-editor.default\">\n\t\t\t\t<div class=\"elementor-widget-container\">\n\t\t\t\t\t\t\t\t\t<p>Hace m\u00e1s de 20 a\u00f1os, mi esposa y yo nos mudamos de los fr\u00edos Pa\u00edses Bajos a Espa\u00f1a. En ese entonces comerciaba con reptiles y serpientes, pero pronto tambi\u00e9n comenc\u00e9 a criar animales para piensos. Grillos, gusanos de la harina, cucarachas, hasta 25 especies. Al convertirnos en uno de los mayores proveedores de alimentos naturales de Espa\u00f1a, tuvimos que optimizar nuestros sistemas de cr\u00eda de insectos. Todos los d\u00edas estamos ocupados suministrando insectos vivos a muchos clientes satisfechos a trav\u00e9s de Reptimercado. En los pr\u00f3ximos a\u00f1os, sin embargo, nos esforzaremos por apoyar la cr\u00eda de insectos para el consumo humano compartiendo nuestros conocimientos y dando un impulso al mercado.<\/p><p>Si quieres saber m\u00e1s \u2026..<\/p>\t\t\t\t\t\t\t\t<\/div>\n\t\t\t\t<\/div>\n\t\t\t\t<div class=\"elementor-element elementor-element-3c811fd elementor-align-left elementor-mobile-align-center elementor-invisible elementor-widget elementor-widget-button\" data-id=\"3c811fd\" data-element_type=\"widget\" data-e-type=\"widget\" data-settings=\"{&quot;_animation&quot;:&quot;fadeIn&quot;,&quot;_animation_delay&quot;:100}\" data-widget_type=\"button.default\">\n\t\t\t\t<div class=\"elementor-widget-container\">\n\t\t\t\t\t\t\t\t\t<div class=\"elementor-button-wrapper\">\n\t\t\t\t\t<a class=\"elementor-button elementor-button-link elementor-size-sm\" href=\"\/es\/contacto\/\">\n\t\t\t\t\t\t<span class=\"elementor-button-content-wrapper\">\n\t\t\t\t\t\t\t\t\t<span class=\"elementor-button-text\">CONT\u00c1CTANOS<\/span>\n\t\t\t\t\t<\/span>\n\t\t\t\t\t<\/a>\n\t\t\t\t<\/div>\n\t\t\t\t\t\t\t\t<\/div>\n\t\t\t\t<\/div>\n\t\t\t\t\t<\/div>\n\t\t<\/div>\n\t\t\t\t\t<\/div>\n\t\t<\/section>\n\t\t\t\t\t<\/div>\n\t\t<\/div>\n\t\t\t\t\t<\/div>\n\t\t<\/section>\n\t\t\t\t<section class=\"elementor-section elementor-top-section elementor-element elementor-element-3a9b15ed animated-fast elementor-section-boxed elementor-section-height-default elementor-section-height-default elementor-invisible\" data-id=\"3a9b15ed\" data-element_type=\"section\" data-e-type=\"section\" data-settings=\"{&quot;animation&quot;:&quot;fadeInUp&quot;}\">\n\t\t\t\t\t\t<div class=\"elementor-container elementor-column-gap-no\">\n\t\t\t\t\t<div class=\"elementor-column elementor-col-33 elementor-top-column elementor-element elementor-element-7b498510\" data-id=\"7b498510\" data-element_type=\"column\" data-e-type=\"column\" data-settings=\"{&quot;background_background&quot;:&quot;classic&quot;}\">\n\t\t\t<div class=\"elementor-widget-wrap elementor-element-populated\">\n\t\t\t\t\t\t<div class=\"elementor-element elementor-element-43d14e80 elementor-widget elementor-widget-image\" data-id=\"43d14e80\" data-element_type=\"widget\" data-e-type=\"widget\" data-widget_type=\"image.default\">\n\t\t\t\t<div class=\"elementor-widget-container\">\n\t\t\t\t\t\t\t\t\t\t\t\t\t\t\t<img decoding=\"async\" width=\"800\" height=\"535\" src=\"https:\/\/insecnology.com\/wp-content\/uploads\/2019\/04\/How-it-started-Insecnology.jpg\" class=\"attachment-full size-full wp-image-234\" alt=\"\" srcset=\"https:\/\/insecnology.com\/wp-content\/uploads\/2019\/04\/How-it-started-Insecnology.jpg 800w, https:\/\/insecnology.com\/wp-content\/uploads\/2019\/04\/How-it-started-Insecnology-600x401.jpg 600w, https:\/\/insecnology.com\/wp-content\/uploads\/2019\/04\/How-it-started-Insecnology-300x201.jpg 300w, https:\/\/insecnology.com\/wp-content\/uploads\/2019\/04\/How-it-started-Insecnology-768x514.jpg 768w\" sizes=\"(max-width: 800px) 100vw, 800px\" \/>\t\t\t\t\t\t\t\t\t\t\t\t\t\t\t<\/div>\n\t\t\t\t<\/div>\n\t\t\t\t<div class=\"elementor-element elementor-element-23ecbfad elementor-widget elementor-widget-heading\" data-id=\"23ecbfad\" data-element_type=\"widget\" data-e-type=\"widget\" data-widget_type=\"heading.default\">\n\t\t\t\t<div class=\"elementor-widget-container\">\n\t\t\t\t\t<h3 class=\"elementor-heading-title elementor-size-large\">C\u00f3mo empez\u00f3<\/h3>\t\t\t\t<\/div>\n\t\t\t\t<\/div>\n\t\t\t\t<div class=\"elementor-element elementor-element-7afead85 elementor-widget elementor-widget-text-editor\" data-id=\"7afead85\" data-element_type=\"widget\" data-e-type=\"widget\" data-widget_type=\"text-editor.default\">\n\t\t\t\t<div class=\"elementor-widget-container\">\n\t\t\t\t\t\t\t\t\tAl principio comenc\u00e9 a criar insectos para alimentar a mi propio ganado. Solo se producen 20.000 a 30.000 grillos al mes criados en peque\u00f1as cajas de pl\u00e1stico o cart\u00f3n.\n\nMis clientes estaban muy entusiasmados con la calidad y pronto estuve suministrando a toda Espa\u00f1a y Portugal.\n\n\t\t\t\t\t\t\t\t<\/div>\n\t\t\t\t<\/div>\n\t\t\t\t\t<\/div>\n\t\t<\/div>\n\t\t\t\t<div class=\"elementor-column elementor-col-33 elementor-top-column elementor-element elementor-element-12df35d4\" data-id=\"12df35d4\" data-element_type=\"column\" data-e-type=\"column\" data-settings=\"{&quot;background_background&quot;:&quot;classic&quot;}\">\n\t\t\t<div class=\"elementor-widget-wrap elementor-element-populated\">\n\t\t\t\t\t\t<div class=\"elementor-element elementor-element-14cf4890 elementor-widget elementor-widget-image\" data-id=\"14cf4890\" data-element_type=\"widget\" data-e-type=\"widget\" data-widget_type=\"image.default\">\n\t\t\t\t<div class=\"elementor-widget-container\">\n\t\t\t\t\t\t\t\t\t\t\t\t\t\t\t<img decoding=\"async\" width=\"800\" height=\"535\" src=\"https:\/\/insecnology.com\/wp-content\/uploads\/2019\/04\/Male-female-cricket-Insecnology.jpg\" class=\"attachment-full size-full wp-image-235\" alt=\"\" srcset=\"https:\/\/insecnology.com\/wp-content\/uploads\/2019\/04\/Male-female-cricket-Insecnology.jpg 800w, https:\/\/insecnology.com\/wp-content\/uploads\/2019\/04\/Male-female-cricket-Insecnology-600x401.jpg 600w, https:\/\/insecnology.com\/wp-content\/uploads\/2019\/04\/Male-female-cricket-Insecnology-300x201.jpg 300w, https:\/\/insecnology.com\/wp-content\/uploads\/2019\/04\/Male-female-cricket-Insecnology-768x514.jpg 768w\" sizes=\"(max-width: 800px) 100vw, 800px\" \/>\t\t\t\t\t\t\t\t\t\t\t\t\t\t\t<\/div>\n\t\t\t\t<\/div>\n\t\t\t\t<div class=\"elementor-element elementor-element-46013648 elementor-widget elementor-widget-heading\" data-id=\"46013648\" data-element_type=\"widget\" data-e-type=\"widget\" data-widget_type=\"heading.default\">\n\t\t\t\t<div class=\"elementor-widget-container\">\n\t\t\t\t\t<h3 class=\"elementor-heading-title elementor-size-large\">Especializaci\u00f3n en grillos<\/h3>\t\t\t\t<\/div>\n\t\t\t\t<\/div>\n\t\t\t\t<div class=\"elementor-element elementor-element-5061578 elementor-widget elementor-widget-text-editor\" data-id=\"5061578\" data-element_type=\"widget\" data-e-type=\"widget\" data-widget_type=\"text-editor.default\">\n\t\t\t\t<div class=\"elementor-widget-container\">\n\t\t\t\t\t\t\t\t\t<p>La mayor demanda fue de grillos, en diferentes subespecies, por lo que mejoramos nuestros m\u00e9todos de cr\u00eda r\u00e1pidamente. Esto nos ha llevado a comercializar nuestro propio sistema de cr\u00eda (IBS), un sistema optimizado con un alto rendimiento garantizado. Ya equipamos completamente a los primeros clientes con este sistema y ya est\u00e1 en funcionamiento.<\/p>\t\t\t\t\t\t\t\t<\/div>\n\t\t\t\t<\/div>\n\t\t\t\t\t<\/div>\n\t\t<\/div>\n\t\t\t\t<div class=\"elementor-column elementor-col-33 elementor-top-column elementor-element elementor-element-3fc15872\" data-id=\"3fc15872\" data-element_type=\"column\" data-e-type=\"column\" data-settings=\"{&quot;background_background&quot;:&quot;classic&quot;}\">\n\t\t\t<div class=\"elementor-widget-wrap elementor-element-populated\">\n\t\t\t\t\t\t<div class=\"elementor-element elementor-element-7f1e6aaa elementor-widget elementor-widget-image\" data-id=\"7f1e6aaa\" data-element_type=\"widget\" data-e-type=\"widget\" data-widget_type=\"image.default\">\n\t\t\t\t<div class=\"elementor-widget-container\">\n\t\t\t\t\t\t\t\t\t\t\t\t\t\t\t<img loading=\"lazy\" decoding=\"async\" width=\"800\" height=\"535\" src=\"https:\/\/insecnology.com\/wp-content\/uploads\/2019\/04\/Grasshopper-farming-Insecnology.jpg\" class=\"attachment-full size-full wp-image-236\" alt=\"\" srcset=\"https:\/\/insecnology.com\/wp-content\/uploads\/2019\/04\/Grasshopper-farming-Insecnology.jpg 800w, https:\/\/insecnology.com\/wp-content\/uploads\/2019\/04\/Grasshopper-farming-Insecnology-600x401.jpg 600w, https:\/\/insecnology.com\/wp-content\/uploads\/2019\/04\/Grasshopper-farming-Insecnology-300x201.jpg 300w, https:\/\/insecnology.com\/wp-content\/uploads\/2019\/04\/Grasshopper-farming-Insecnology-768x514.jpg 768w\" sizes=\"(max-width: 800px) 100vw, 800px\" \/>\t\t\t\t\t\t\t\t\t\t\t\t\t\t\t<\/div>\n\t\t\t\t<\/div>\n\t\t\t\t<div class=\"elementor-element elementor-element-26b06c16 elementor-widget elementor-widget-heading\" data-id=\"26b06c16\" data-element_type=\"widget\" data-e-type=\"widget\" data-widget_type=\"heading.default\">\n\t\t\t\t<div class=\"elementor-widget-container\">\n\t\t\t\t\t<h3 class=\"elementor-heading-title elementor-size-large\">Consulta<\/h3>\t\t\t\t<\/div>\n\t\t\t\t<\/div>\n\t\t\t\t<div class=\"elementor-element elementor-element-245932ac elementor-widget elementor-widget-text-editor\" data-id=\"245932ac\" data-element_type=\"widget\" data-e-type=\"widget\" data-widget_type=\"text-editor.default\">\n\t\t\t\t<div class=\"elementor-widget-container\">\n\t\t\t\t\t\t\t\t\t<p>Adem\u00e1s de la instalaci\u00f3n del hardware, los agricultores de insectos deben ce\u00f1irse a estrictos protocolos y horarios diarios para lograr el resultado deseado. La cr\u00eda de insectos parece f\u00e1cil, pero muchas cosas pueden salir mal. Ayudamos con la puesta en marcha, pero tambi\u00e9n brindaremos asesoramiento y orientaci\u00f3n m\u00e1s adelante. Si quieres saber m\u00e1s, contacta con nosotros para una oferta sin compromiso.<\/p>\t\t\t\t\t\t\t\t<\/div>\n\t\t\t\t<\/div>\n\t\t\t\t\t<\/div>\n\t\t<\/div>\n\t\t\t\t\t<\/div>\n\t\t<\/section>\n\t\t\t\t<section class=\"elementor-section elementor-top-section elementor-element elementor-element-64b16046 elementor-section-content-middle elementor-section-boxed elementor-section-height-default elementor-section-height-default\" data-id=\"64b16046\" data-element_type=\"section\" data-e-type=\"section\">\n\t\t\t\t\t\t<div class=\"elementor-container elementor-column-gap-default\">\n\t\t\t\t\t<div class=\"elementor-column elementor-col-50 elementor-top-column elementor-element elementor-element-53a24b9d\" data-id=\"53a24b9d\" data-element_type=\"column\" data-e-type=\"column\" data-settings=\"{&quot;background_background&quot;:&quot;gradient&quot;}\">\n\t\t\t<div class=\"elementor-widget-wrap elementor-element-populated\">\n\t\t\t\t\t\t<div class=\"elementor-element elementor-element-5dd8812e elementor-invisible elementor-widget elementor-widget-heading\" data-id=\"5dd8812e\" data-element_type=\"widget\" data-e-type=\"widget\" data-settings=\"{&quot;_animation&quot;:&quot;fadeIn&quot;}\" data-widget_type=\"heading.default\">\n\t\t\t\t<div class=\"elementor-widget-container\">\n\t\t\t\t\t<h2 class=\"elementor-heading-title elementor-size-large\">QU\u00c9 NOS ESPERA<\/h2>\t\t\t\t<\/div>\n\t\t\t\t<\/div>\n\t\t\t\t<div class=\"elementor-element elementor-element-697d3424 elementor-invisible elementor-widget elementor-widget-text-editor\" data-id=\"697d3424\" data-element_type=\"widget\" data-e-type=\"widget\" data-settings=\"{&quot;_animation&quot;:&quot;fadeIn&quot;,&quot;_animation_delay&quot;:200}\" data-widget_type=\"text-editor.default\">\n\t\t\t\t<div class=\"elementor-widget-container\">\n\t\t\t\t\t\t\t\t\t<p>Se han iniciado varios proyectos de Insecnology en Europa y ya hay mucha producci\u00f3n de insectos. Este a\u00f1o finalizaremos una gran granja de insectos en Espa\u00f1a y comenzaremos otra en los Pa\u00edses Bajos. En todo el mundo vemos c\u00f3mo se acelera el desarrollo de la industria de los insectos y se est\u00e1 modificando la legislaci\u00f3n para que todo sea posible. Estamos al comienzo de una nueva era en la que los alimentos sostenibles se impondr\u00e1n. Estamos convencidos de que los insectos jugar\u00e1n un papel importante en el futuro en relaci\u00f3n a las necesidades alimentarias mundiales.<\/p>\t\t\t\t\t\t\t\t<\/div>\n\t\t\t\t<\/div>\n\t\t\t\t\t<\/div>\n\t\t<\/div>\n\t\t\t\t<div class=\"elementor-column elementor-col-50 elementor-top-column elementor-element elementor-element-529800b6 animated-fast elementor-invisible\" data-id=\"529800b6\" data-element_type=\"column\" data-e-type=\"column\" data-settings=\"{&quot;animation&quot;:&quot;zoomIn&quot;}\">\n\t\t\t<div class=\"elementor-widget-wrap elementor-element-populated\">\n\t\t\t\t\t\t<div class=\"elementor-element elementor-element-6a75b10e elementor-position-left elementor-vertical-align-middle elementor-widget elementor-widget-image-box\" data-id=\"6a75b10e\" data-element_type=\"widget\" data-e-type=\"widget\" data-widget_type=\"image-box.default\">\n\t\t\t\t<div class=\"elementor-widget-container\">\n\t\t\t\t\t<div class=\"elementor-image-box-wrapper\"><figure class=\"elementor-image-box-img\"><a href=\"http:\/\/www.entogourmet.com\/\" tabindex=\"-1\"><img loading=\"lazy\" decoding=\"async\" width=\"120\" height=\"126\" src=\"https:\/\/insecnology.com\/wp-content\/uploads\/2019\/04\/Logo-Entogourmet-Insecnology.png\" class=\"attachment-full size-full wp-image-237\" alt=\"\" \/><\/a><\/figure><div class=\"elementor-image-box-content\"><h3 class=\"elementor-image-box-title\"><a href=\"http:\/\/www.entogourmet.com\/\">Entogourmet<\/a><\/h3><p class=\"elementor-image-box-description\">\"Entogourmet produce grillos y gusanos de la harina a gran escala, este proyecto se ha desarrollado en colaboraci\u00f3n con el Sistema IBS\".<\/p><\/div><\/div>\t\t\t\t<\/div>\n\t\t\t\t<\/div>\n\t\t\t\t<div class=\"elementor-element elementor-element-215d9986 elementor-position-left elementor-vertical-align-middle elementor-widget elementor-widget-image-box\" data-id=\"215d9986\" data-element_type=\"widget\" data-e-type=\"widget\" data-widget_type=\"image-box.default\">\n\t\t\t\t<div class=\"elementor-widget-container\">\n\t\t\t\t\t<div class=\"elementor-image-box-wrapper\"><figure class=\"elementor-image-box-img\"><a href=\"http:\/\/www.joybugs.nl\/\" tabindex=\"-1\"><img loading=\"lazy\" decoding=\"async\" width=\"120\" height=\"119\" src=\"https:\/\/insecnology.com\/wp-content\/uploads\/2019\/04\/JoyBugs-logo-Insecnology.png\" class=\"attachment-full size-full wp-image-238\" alt=\"\" srcset=\"https:\/\/insecnology.com\/wp-content\/uploads\/2019\/04\/JoyBugs-logo-Insecnology.png 120w, https:\/\/insecnology.com\/wp-content\/uploads\/2019\/04\/JoyBugs-logo-Insecnology-100x100.png 100w\" sizes=\"(max-width: 120px) 100vw, 120px\" \/><\/a><\/figure><div class=\"elementor-image-box-content\"><h3 class=\"elementor-image-box-title\"><a href=\"http:\/\/www.joybugs.nl\/\">Joy Bugs<\/a><\/h3><p class=\"elementor-image-box-description\">\"Durante m\u00e1s de un a\u00f1o, JoyBugs cr\u00eda langostas con el Sistema IBS, podemos anunciar con orgullo que est\u00e1n aumentando\".<\/p><\/div><\/div>\t\t\t\t<\/div>\n\t\t\t\t<\/div>\n\t\t\t\t<div class=\"elementor-element elementor-element-432282fe elementor-position-left elementor-vertical-align-middle elementor-widget elementor-widget-image-box\" data-id=\"432282fe\" data-element_type=\"widget\" data-e-type=\"widget\" data-widget_type=\"image-box.default\">\n\t\t\t\t<div class=\"elementor-widget-container\">\n\t\t\t\t\t<div class=\"elementor-image-box-wrapper\"><figure class=\"elementor-image-box-img\"><img loading=\"lazy\" decoding=\"async\" width=\"433\" height=\"463\" src=\"https:\/\/insecnology.com\/wp-content\/uploads\/2019\/04\/Cricket-Insecnology.jpg\" class=\"attachment-full size-full wp-image-239\" alt=\"\" srcset=\"https:\/\/insecnology.com\/wp-content\/uploads\/2019\/04\/Cricket-Insecnology.jpg 433w, https:\/\/insecnology.com\/wp-content\/uploads\/2019\/04\/Cricket-Insecnology-281x300.jpg 281w\" sizes=\"(max-width: 433px) 100vw, 433px\" \/><\/figure><div class=\"elementor-image-box-content\"><h3 class=\"elementor-image-box-title\">SixFeeds Blijswijk<\/h3><p class=\"elementor-image-box-description\">\"Este verano se crear\u00e1 una granja de grillos en los Pa\u00edses Bajos, el sistema IBS ser\u00e1 la base\".<\/p><\/div><\/div>\t\t\t\t<\/div>\n\t\t\t\t<\/div>\n\t\t\t\t\t<\/div>\n\t\t<\/div>\n\t\t\t\t\t<\/div>\n\t\t<\/section>\n\t\t\t\t<section class=\"elementor-section elementor-top-section elementor-element elementor-element-40d04ca elementor-section-boxed elementor-section-height-default elementor-section-height-default\" data-id=\"40d04ca\" data-element_type=\"section\" data-e-type=\"section\">\n\t\t\t\t\t\t<div class=\"elementor-container elementor-column-gap-default\">\n\t\t\t\t\t<div class=\"elementor-column elementor-col-100 elementor-top-column elementor-element elementor-element-fdb8262\" data-id=\"fdb8262\" data-element_type=\"column\" data-e-type=\"column\">\n\t\t\t<div class=\"elementor-widget-wrap elementor-element-populated\">\n\t\t\t\t\t\t<div class=\"elementor-element elementor-element-d1210cd elementor-widget elementor-widget-spacer\" data-id=\"d1210cd\" data-element_type=\"widget\" data-e-type=\"widget\" data-widget_type=\"spacer.default\">\n\t\t\t\t<div class=\"elementor-widget-container\">\n\t\t\t\t\t\t\t<div class=\"elementor-spacer\">\n\t\t\t<div class=\"elementor-spacer-inner\"><\/div>\n\t\t<\/div>\n\t\t\t\t\t\t<\/div>\n\t\t\t\t<\/div>\n\t\t\t\t\t<\/div>\n\t\t<\/div>\n\t\t\t\t\t<\/div>\n\t\t<\/section>\n\t\t\t\t<\/div>\n\t\t","protected":false},"excerpt":{"rendered":"<p>Sobre Nosotros Sobre Nosotros Hace m\u00e1s de 20 a\u00f1os, mi esposa y yo nos mudamos de los fr\u00edos Pa\u00edses Bajos a Espa\u00f1a. En ese entonces comerciaba con reptiles y serpientes, pero pronto tambi\u00e9n comenc\u00e9 a criar animales para piensos. Grillos, gusanos de la harina, cucarachas, hasta 25 especies. Al convertirnos en uno de los mayores &#8230; <a title=\"Sobre Nosotros\" class=\"read-more\" href=\"https:\/\/insecnology.com\/es\/sobre-nosotros\/\">Leer m\u00e1s<span class=\"screen-reader-text\">Sobre Nosotros<\/span><\/a><\/p>\n","protected":false},"author":14,"featured_media":0,"parent":0,"menu_order":0,"comment_status":"closed","ping_status":"closed","template":"","meta":{"footnotes":""},"class_list":["post-764","page","type-page","status-publish"],"_links":{"self":[{"href":"https:\/\/insecnology.com\/es\/wp-json\/wp\/v2\/pages\/764","targetHints":{"allow":["GET"]}}],"collection":[{"href":"https:\/\/insecnology.com\/es\/wp-json\/wp\/v2\/pages"}],"about":[{"href":"https:\/\/insecnology.com\/es\/wp-json\/wp\/v2\/types\/page"}],"author":[{"embeddable":true,"href":"https:\/\/insecnology.com\/es\/wp-json\/wp\/v2\/users\/14"}],"replies":[{"embeddable":true,"href":"https:\/\/insecnology.com\/es\/wp-json\/wp\/v2\/comments?post=764"}],"version-history":[{"count":20,"href":"https:\/\/insecnology.com\/es\/wp-json\/wp\/v2\/pages\/764\/revisions"}],"predecessor-version":[{"id":830,"href":"https:\/\/insecnology.com\/es\/wp-json\/wp\/v2\/pages\/764\/revisions\/830"}],"wp:attachment":[{"href":"https:\/\/insecnology.com\/es\/wp-json\/wp\/v2\/media?parent=764"}],"curies":[{"name":"wp","href":"https:\/\/api.w.org\/{rel}","templated":true}]}}