{"id":770,"date":"2021-06-04T10:29:43","date_gmt":"2021-06-04T10:29:43","guid":{"rendered":"https:\/\/insecnology.com\/?page_id=770"},"modified":"2021-06-07T09:52:17","modified_gmt":"2021-06-07T09:52:17","slug":"sistema-de-cria","status":"publish","type":"page","link":"https:\/\/insecnology.com\/es\/sistema-de-cria\/","title":{"rendered":"Sistema de cr\u00eda"},"content":{"rendered":"\t\t<div data-elementor-type=\"wp-post\" data-elementor-id=\"770\" class=\"elementor elementor-770\">\n\t\t\t\t\t\t<section class=\"elementor-section elementor-top-section elementor-element elementor-element-4adeb848 elementor-section-items-top elementor-section-height-min-height elementor-section-boxed elementor-section-height-default\" data-id=\"4adeb848\" data-element_type=\"section\" data-e-type=\"section\" data-settings=\"{&quot;background_background&quot;:&quot;classic&quot;}\">\n\t\t\t\t\t\t<div class=\"elementor-container elementor-column-gap-default\">\n\t\t\t\t\t<div class=\"elementor-column elementor-col-100 elementor-top-column elementor-element elementor-element-2e37d4e1 animated-slow elementor-invisible\" data-id=\"2e37d4e1\" data-element_type=\"column\" data-e-type=\"column\" data-settings=\"{&quot;animation&quot;:&quot;fadeIn&quot;}\">\n\t\t\t<div class=\"elementor-widget-wrap elementor-element-populated\">\n\t\t\t\t\t\t<div class=\"elementor-element elementor-element-47235057 elementor-widget elementor-widget-heading\" data-id=\"47235057\" data-element_type=\"widget\" data-e-type=\"widget\" data-widget_type=\"heading.default\">\n\t\t\t\t<div class=\"elementor-widget-container\">\n\t\t\t\t\t<h1 class=\"elementor-heading-title elementor-size-large\">Cr\u00eda de Grillos<\/h1>\t\t\t\t<\/div>\n\t\t\t\t<\/div>\n\t\t\t\t<div class=\"elementor-element elementor-element-7214f5cc elementor-widget elementor-widget-heading\" data-id=\"7214f5cc\" data-element_type=\"widget\" data-e-type=\"widget\" data-widget_type=\"heading.default\">\n\t\t\t\t<div class=\"elementor-widget-container\">\n\t\t\t\t\t<h2 class=\"elementor-heading-title elementor-size-large\">A gran escala<\/h2>\t\t\t\t<\/div>\n\t\t\t\t<\/div>\n\t\t\t\t<div class=\"elementor-element elementor-element-7d50b67f elementor-widget-divider--view-line elementor-widget elementor-widget-divider\" data-id=\"7d50b67f\" data-element_type=\"widget\" data-e-type=\"widget\" data-widget_type=\"divider.default\">\n\t\t\t\t<div class=\"elementor-widget-container\">\n\t\t\t\t\t\t\t<div class=\"elementor-divider\">\n\t\t\t<span class=\"elementor-divider-separator\">\n\t\t\t\t\t\t<\/span>\n\t\t<\/div>\n\t\t\t\t\t\t<\/div>\n\t\t\t\t<\/div>\n\t\t\t\t\t<\/div>\n\t\t<\/div>\n\t\t\t\t\t<\/div>\n\t\t<\/section>\n\t\t\t\t<section class=\"elementor-section elementor-top-section elementor-element elementor-element-7f5991cc animated-fast elementor-section-boxed elementor-section-height-default elementor-section-height-default elementor-invisible\" data-id=\"7f5991cc\" data-element_type=\"section\" data-e-type=\"section\" data-settings=\"{&quot;animation&quot;:&quot;fadeIn&quot;}\">\n\t\t\t\t\t\t<div class=\"elementor-container elementor-column-gap-no\">\n\t\t\t\t\t<div class=\"elementor-column elementor-col-50 elementor-top-column elementor-element elementor-element-6b3d87b2\" data-id=\"6b3d87b2\" data-element_type=\"column\" data-e-type=\"column\">\n\t\t\t<div class=\"elementor-widget-wrap elementor-element-populated\">\n\t\t\t\t\t\t<div class=\"elementor-element elementor-element-5a60b882 elementor-widget elementor-widget-heading\" data-id=\"5a60b882\" data-element_type=\"widget\" data-e-type=\"widget\" data-widget_type=\"heading.default\">\n\t\t\t\t<div class=\"elementor-widget-container\">\n\t\t\t\t\t<h3 class=\"elementor-heading-title elementor-size-large\">Insecnology (IBS)<\/h3>\t\t\t\t<\/div>\n\t\t\t\t<\/div>\n\t\t\t\t<div class=\"elementor-element elementor-element-60a64187 elementor-widget elementor-widget-text-editor\" data-id=\"60a64187\" data-element_type=\"widget\" data-e-type=\"widget\" data-widget_type=\"text-editor.default\">\n\t\t\t\t<div class=\"elementor-widget-container\">\n\t\t\t\t\t\t\t\t\t<p>Debido a la creciente demanda de fuentes de prote\u00ednas sostenibles, el inter\u00e9s en el cultivo de insectos aumentar\u00e1 enormemente. Para acelerar este proceso, ponemos a disposici\u00f3n del mercado nuestro conocimiento y experiencia. Comenzar con el Insecnology Breeding System (IBS) le ofrece la oportunidad de comenzar a un alto nivel. Ya sea un productor experimentado o una startup, grande o peque\u00f1a\u2026 ofrecemos soluciones y orientaci\u00f3n para todos los procesos.<\/p>\t\t\t\t\t\t\t\t<\/div>\n\t\t\t\t<\/div>\n\t\t\t\t<div class=\"elementor-element elementor-element-7886b9d8 elementor-align-left elementor-mobile-align-center elementor-invisible elementor-widget elementor-widget-button\" data-id=\"7886b9d8\" data-element_type=\"widget\" data-e-type=\"widget\" data-settings=\"{&quot;_animation&quot;:&quot;fadeInUp&quot;}\" data-widget_type=\"button.default\">\n\t\t\t\t<div class=\"elementor-widget-container\">\n\t\t\t\t\t\t\t\t\t<div class=\"elementor-button-wrapper\">\n\t\t\t\t\t<a class=\"elementor-button elementor-button-link elementor-size-sm\" href=\"\/es\/contacto\/\">\n\t\t\t\t\t\t<span class=\"elementor-button-content-wrapper\">\n\t\t\t\t\t\t\t\t\t<span class=\"elementor-button-text\">Cont\u00e1ctanos<\/span>\n\t\t\t\t\t<\/span>\n\t\t\t\t\t<\/a>\n\t\t\t\t<\/div>\n\t\t\t\t\t\t\t\t<\/div>\n\t\t\t\t<\/div>\n\t\t\t\t\t<\/div>\n\t\t<\/div>\n\t\t\t\t<div class=\"elementor-column elementor-col-50 elementor-top-column elementor-element elementor-element-6c7a34e4\" data-id=\"6c7a34e4\" data-element_type=\"column\" data-e-type=\"column\">\n\t\t\t<div class=\"elementor-widget-wrap elementor-element-populated\">\n\t\t\t\t\t\t<div class=\"elementor-element elementor-element-34d9c9d6 elementor-widget elementor-widget-image\" data-id=\"34d9c9d6\" data-element_type=\"widget\" data-e-type=\"widget\" data-widget_type=\"image.default\">\n\t\t\t\t<div class=\"elementor-widget-container\">\n\t\t\t\t\t\t\t\t\t\t\t\t\t\t\t<img fetchpriority=\"high\" decoding=\"async\" width=\"700\" height=\"662\" src=\"https:\/\/insecnology.com\/wp-content\/uploads\/2019\/04\/Acheta_domesticus_adult-female-IBS-Breeding-System-1024x968.jpg\" class=\"attachment-large size-large wp-image-257\" alt=\"\" srcset=\"https:\/\/insecnology.com\/wp-content\/uploads\/2019\/04\/Acheta_domesticus_adult-female-IBS-Breeding-System-1024x968.jpg 1024w, https:\/\/insecnology.com\/wp-content\/uploads\/2019\/04\/Acheta_domesticus_adult-female-IBS-Breeding-System-600x567.jpg 600w, https:\/\/insecnology.com\/wp-content\/uploads\/2019\/04\/Acheta_domesticus_adult-female-IBS-Breeding-System-300x284.jpg 300w, https:\/\/insecnology.com\/wp-content\/uploads\/2019\/04\/Acheta_domesticus_adult-female-IBS-Breeding-System-768x726.jpg 768w, https:\/\/insecnology.com\/wp-content\/uploads\/2019\/04\/Acheta_domesticus_adult-female-IBS-Breeding-System.jpg 1200w\" sizes=\"(max-width: 700px) 100vw, 700px\" \/>\t\t\t\t\t\t\t\t\t\t\t\t\t\t\t<\/div>\n\t\t\t\t<\/div>\n\t\t\t\t\t<\/div>\n\t\t<\/div>\n\t\t\t\t\t<\/div>\n\t\t<\/section>\n\t\t\t\t<section class=\"elementor-section elementor-top-section elementor-element elementor-element-9c3baa1 elementor-section-boxed elementor-section-height-default elementor-section-height-default\" data-id=\"9c3baa1\" data-element_type=\"section\" data-e-type=\"section\">\n\t\t\t\t\t\t<div class=\"elementor-container elementor-column-gap-default\">\n\t\t\t\t\t<div class=\"elementor-column elementor-col-100 elementor-top-column elementor-element elementor-element-70ef59c6\" data-id=\"70ef59c6\" data-element_type=\"column\" data-e-type=\"column\">\n\t\t\t<div class=\"elementor-widget-wrap elementor-element-populated\">\n\t\t\t\t\t\t<div class=\"elementor-element elementor-element-eda010e elementor-widget-divider--view-line elementor-widget elementor-widget-divider\" data-id=\"eda010e\" data-element_type=\"widget\" data-e-type=\"widget\" data-widget_type=\"divider.default\">\n\t\t\t\t<div class=\"elementor-widget-container\">\n\t\t\t\t\t\t\t<div class=\"elementor-divider\">\n\t\t\t<span class=\"elementor-divider-separator\">\n\t\t\t\t\t\t<\/span>\n\t\t<\/div>\n\t\t\t\t\t\t<\/div>\n\t\t\t\t<\/div>\n\t\t\t\t\t<\/div>\n\t\t<\/div>\n\t\t\t\t\t<\/div>\n\t\t<\/section>\n\t\t\t\t<section class=\"elementor-section elementor-top-section elementor-element elementor-element-dd40f9a elementor-section-boxed elementor-section-height-default elementor-section-height-default\" data-id=\"dd40f9a\" data-element_type=\"section\" data-e-type=\"section\">\n\t\t\t\t\t\t<div class=\"elementor-container elementor-column-gap-default\">\n\t\t\t\t\t<div class=\"elementor-column elementor-col-33 elementor-top-column elementor-element elementor-element-367bf794 elementor-invisible\" data-id=\"367bf794\" data-element_type=\"column\" data-e-type=\"column\" data-settings=\"{&quot;animation&quot;:&quot;fadeInLeft&quot;,&quot;animation_tablet&quot;:&quot;fadeInLeft&quot;,&quot;animation_mobile&quot;:&quot;fadeIn&quot;}\">\n\t\t\t<div class=\"elementor-widget-wrap elementor-element-populated\">\n\t\t\t\t\t\t<div class=\"elementor-element elementor-element-3f8cf0b3 elementor-widget elementor-widget-wp-widget-text\" data-id=\"3f8cf0b3\" data-element_type=\"widget\" data-e-type=\"widget\" data-widget_type=\"wp-widget-text.default\">\n\t\t\t\t<div class=\"elementor-widget-container\">\n\t\t\t\t\t<h5>Nuestra experiencia<\/h5>\t\t\t<div class=\"textwidget\"><p>En los \u00faltimos 25 a\u00f1os nos hemos convertido en expertos en la cr\u00eda de grillos en particular, siendo el resultado el sistema de cr\u00eda de Inseconology. Este sofisticado sistema tiene como objetivo poder dar los pasos hacia la cr\u00eda de insectos a gran escala, las primeras granjas ahora est\u00e1n utilizando con \u00e9xito nuestro m\u00e9todo.<\/p>\n<p><strong>Qu\u00e9 es tan \u00fanico?<\/strong> El punto de partida es siempre la necesidad de los propios insectos, c\u00f3mo lo hacen en la naturaleza y qu\u00e9 podemos aprender de ello. Eso significa una receta de alimentaci\u00f3n hecha a medida, optimizaci\u00f3n del espacio y el clima y un patr\u00f3n diario estrictamente disciplinado.<\/p>\n<p>No todo el mundo es agricultor, el cuidado diario de los insectos requiere un cierto impulso y sentimiento por el bienestar animal. Tendr\u00e1 que aprender a ver cuando algo anda mal y necesita saber c\u00f3mo anticiparse. No lo pienses con demasiada facilidad, es m\u00e1s dif\u00edcil de lo que crees.<\/p>\n<p>Podemos ense\u00f1arle todo, pero su compromiso y pasi\u00f3n determinan su \u00e9xito.<\/p>\n<\/div>\n\t\t\t\t\t\t<\/div>\n\t\t\t\t<\/div>\n\t\t\t\t\t<\/div>\n\t\t<\/div>\n\t\t\t\t<div class=\"elementor-column elementor-col-33 elementor-top-column elementor-element elementor-element-38620d0c elementor-invisible\" data-id=\"38620d0c\" data-element_type=\"column\" data-e-type=\"column\" data-settings=\"{&quot;animation&quot;:&quot;fadeIn&quot;,&quot;animation_mobile&quot;:&quot;fadeIn&quot;}\">\n\t\t\t<div class=\"elementor-widget-wrap elementor-element-populated\">\n\t\t\t\t\t\t<div class=\"elementor-element elementor-element-48082e4f elementor-widget elementor-widget-image\" data-id=\"48082e4f\" data-element_type=\"widget\" data-e-type=\"widget\" data-widget_type=\"image.default\">\n\t\t\t\t<div class=\"elementor-widget-container\">\n\t\t\t\t\t\t\t\t\t\t\t\t\t\t\t<img decoding=\"async\" width=\"499\" height=\"1024\" src=\"https:\/\/insecnology.com\/wp-content\/uploads\/2019\/04\/IMG-20190220-WA0027-499x1024.jpg\" class=\"attachment-large size-large wp-image-258\" alt=\"\" srcset=\"https:\/\/insecnology.com\/wp-content\/uploads\/2019\/04\/IMG-20190220-WA0027-499x1024.jpg 499w, https:\/\/insecnology.com\/wp-content\/uploads\/2019\/04\/IMG-20190220-WA0027-600x1231.jpg 600w, https:\/\/insecnology.com\/wp-content\/uploads\/2019\/04\/IMG-20190220-WA0027-146x300.jpg 146w, https:\/\/insecnology.com\/wp-content\/uploads\/2019\/04\/IMG-20190220-WA0027-768x1575.jpg 768w, https:\/\/insecnology.com\/wp-content\/uploads\/2019\/04\/IMG-20190220-WA0027.jpg 780w\" sizes=\"(max-width: 499px) 100vw, 499px\" \/>\t\t\t\t\t\t\t\t\t\t\t\t\t\t\t<\/div>\n\t\t\t\t<\/div>\n\t\t\t\t\t<\/div>\n\t\t<\/div>\n\t\t\t\t<div class=\"elementor-column elementor-col-33 elementor-top-column elementor-element elementor-element-9294f63 elementor-invisible\" data-id=\"9294f63\" data-element_type=\"column\" data-e-type=\"column\" data-settings=\"{&quot;animation&quot;:&quot;fadeInRight&quot;,&quot;animation_mobile&quot;:&quot;fadeIn&quot;}\">\n\t\t\t<div class=\"elementor-widget-wrap elementor-element-populated\">\n\t\t\t\t\t\t<div class=\"elementor-element elementor-element-50088647 elementor-widget elementor-widget-wp-widget-text\" data-id=\"50088647\" data-element_type=\"widget\" data-e-type=\"widget\" data-widget_type=\"wp-widget-text.default\">\n\t\t\t\t<div class=\"elementor-widget-container\">\n\t\t\t\t\t<h5>What can you expect from us<\/h5>\t\t\t<div class=\"textwidget\"><p>Qu\u00e9 puedes esperar de nosotros Tan pronto como se acerque a nosotros para ayudarlo con su granja de insectos, comenzaremos a hacer una propuesta adecuada. Esta propuesta contiene una descripci\u00f3n clara de los costos y lo que recibe a cambio. Nos complace brindar soluciones a medida, definitivamente se discutir\u00e1n los siguientes componentes:<\/p>\n<ul>\n<li><span><span>Disposici\u00f3n de los espacios disponibles<\/span><\/span><\/li>\n<li><span><span>Sistemas clim\u00e1ticos<\/span><\/span><\/li>\n<li><span><span>Pienso disponible en la regi\u00f3n<\/span><\/span><\/li>\n<li><span><span>Estimaci\u00f3n de costos primer a\u00f1o<\/span><\/span><\/li>\n<li><span><span>Entrenamiento en el trabajo<\/span><\/span><\/li>\n<li><span><span>Mesa de ayuda<\/span><\/span><\/li>\n<li><span><span>Posible c\u00e1lculo de rendimiento<\/span><\/span><\/li>\n<li><span><span>Suministros adicionales<\/span><\/span><\/li>\n<\/ul>\n<p><span class=\"\">Siempre estamos listos para ayudarlo, cuando sea necesario, su \u00e9xito tambi\u00e9n es nuestro \u00e9xito.\u00a0<\/span><span>\u00a1Si\u00e9ntete libre de contactarnos!<\/span><\/p>\n<\/div>\n\t\t\t\t\t\t<\/div>\n\t\t\t\t<\/div>\n\t\t\t\t\t<\/div>\n\t\t<\/div>\n\t\t\t\t\t<\/div>\n\t\t<\/section>\n\t\t\t\t<section class=\"elementor-section elementor-top-section elementor-element elementor-element-26b44f19 elementor-section-boxed elementor-section-height-default elementor-section-height-default\" data-id=\"26b44f19\" data-element_type=\"section\" data-e-type=\"section\">\n\t\t\t\t\t\t<div class=\"elementor-container elementor-column-gap-default\">\n\t\t\t\t\t<div class=\"elementor-column elementor-col-33 elementor-top-column elementor-element elementor-element-16c8c632 elementor-invisible\" data-id=\"16c8c632\" data-element_type=\"column\" data-e-type=\"column\" data-settings=\"{&quot;animation&quot;:&quot;fadeIn&quot;}\">\n\t\t\t<div class=\"elementor-widget-wrap elementor-element-populated\">\n\t\t\t\t\t\t<div class=\"elementor-element elementor-element-3e8952f7 elementor-widget elementor-widget-image\" data-id=\"3e8952f7\" data-element_type=\"widget\" data-e-type=\"widget\" data-widget_type=\"image.default\">\n\t\t\t\t<div class=\"elementor-widget-container\">\n\t\t\t\t\t\t\t\t\t\t\t\t\t\t\t<img decoding=\"async\" width=\"600\" height=\"750\" src=\"https:\/\/insecnology.com\/wp-content\/uploads\/2019\/04\/LOCUST-MATING-Insecnology.jpg\" class=\"attachment-large size-large wp-image-259\" alt=\"\" srcset=\"https:\/\/insecnology.com\/wp-content\/uploads\/2019\/04\/LOCUST-MATING-Insecnology.jpg 600w, https:\/\/insecnology.com\/wp-content\/uploads\/2019\/04\/LOCUST-MATING-Insecnology-240x300.jpg 240w\" sizes=\"(max-width: 600px) 100vw, 600px\" \/>\t\t\t\t\t\t\t\t\t\t\t\t\t\t\t<\/div>\n\t\t\t\t<\/div>\n\t\t\t\t\t<\/div>\n\t\t<\/div>\n\t\t\t\t<div class=\"elementor-column elementor-col-33 elementor-top-column elementor-element elementor-element-21b81316 elementor-invisible\" data-id=\"21b81316\" data-element_type=\"column\" data-e-type=\"column\" data-settings=\"{&quot;animation&quot;:&quot;fadeIn&quot;,&quot;animation_mobile&quot;:&quot;fadeIn&quot;}\">\n\t\t\t<div class=\"elementor-widget-wrap elementor-element-populated\">\n\t\t\t\t\t\t<div class=\"elementor-element elementor-element-43bce24a elementor-invisible elementor-widget elementor-widget-wp-widget-text\" data-id=\"43bce24a\" data-element_type=\"widget\" data-e-type=\"widget\" data-settings=\"{&quot;_animation&quot;:&quot;fadeIn&quot;}\" data-widget_type=\"wp-widget-text.default\">\n\t\t\t\t<div class=\"elementor-widget-container\">\n\t\t\t\t\t<h5>Cr\u00eda de saltamontes<\/h5>\t\t\t<div class=\"textwidget\"><p><span><span class=\"\">Adem\u00e1s de los grillos, tambi\u00e9n podemos proporcionarle un sistema probado de cr\u00eda de saltamontes.\u00a0<\/span>Los saltamontes han sido uno de nuestros animales de alimentaci\u00f3n m\u00e1s importantes para reptiles y serpientes durante a\u00f1os.\u00a0Ahora tambi\u00e9n hemos desarrollado un sistema para consumo humano.<\/span><\/p>\n<p><span>No dude en consultarnos, con gusto le asesoraremos en funci\u00f3n de su situaci\u00f3n personal.\u00a0Cada insecto tiene sus propios desaf\u00edos, es muy posible que los saltamontes se adapten mejor a ti que los grillos.<\/span><\/p>\n<p><span>\u00a1Hablamos contigo pronto!<\/span><\/p>\n<\/div>\n\t\t\t\t\t\t<\/div>\n\t\t\t\t<\/div>\n\t\t\t\t\t<\/div>\n\t\t<\/div>\n\t\t\t\t<div class=\"elementor-column elementor-col-33 elementor-top-column elementor-element elementor-element-4cac7e3e elementor-invisible\" data-id=\"4cac7e3e\" data-element_type=\"column\" data-e-type=\"column\" data-settings=\"{&quot;animation&quot;:&quot;fadeIn&quot;}\">\n\t\t\t<div class=\"elementor-widget-wrap elementor-element-populated\">\n\t\t\t\t\t\t<div class=\"elementor-element elementor-element-63b4184 elementor-widget elementor-widget-image\" data-id=\"63b4184\" data-element_type=\"widget\" data-e-type=\"widget\" data-widget_type=\"image.default\">\n\t\t\t\t<div class=\"elementor-widget-container\">\n\t\t\t\t\t\t\t\t\t\t\t\t\t\t\t<img loading=\"lazy\" decoding=\"async\" width=\"600\" height=\"750\" src=\"https:\/\/insecnology.com\/wp-content\/uploads\/2019\/04\/JAULAS-LOCUSTA-Insecnology.jpg\" class=\"attachment-large size-large wp-image-260\" alt=\"\" srcset=\"https:\/\/insecnology.com\/wp-content\/uploads\/2019\/04\/JAULAS-LOCUSTA-Insecnology.jpg 600w, https:\/\/insecnology.com\/wp-content\/uploads\/2019\/04\/JAULAS-LOCUSTA-Insecnology-240x300.jpg 240w\" sizes=\"(max-width: 600px) 100vw, 600px\" \/>\t\t\t\t\t\t\t\t\t\t\t\t\t\t\t<\/div>\n\t\t\t\t<\/div>\n\t\t\t\t\t<\/div>\n\t\t<\/div>\n\t\t\t\t\t<\/div>\n\t\t<\/section>\n\t\t\t\t<\/div>\n\t\t","protected":false},"excerpt":{"rendered":"<p>Cr\u00eda de Grillos A gran escala Insecnology (IBS) Debido a la creciente demanda de fuentes de prote\u00ednas sostenibles, el inter\u00e9s en el cultivo de insectos aumentar\u00e1 enormemente. Para acelerar este proceso, ponemos a disposici\u00f3n del mercado nuestro conocimiento y experiencia. Comenzar con el Insecnology Breeding System (IBS) le ofrece la oportunidad de comenzar a un &#8230; <a title=\"Sistema de cr\u00eda\" class=\"read-more\" href=\"https:\/\/insecnology.com\/es\/sistema-de-cria\/\">Leer m\u00e1s<span class=\"screen-reader-text\">Sistema de cr\u00eda<\/span><\/a><\/p>\n","protected":false},"author":14,"featured_media":0,"parent":0,"menu_order":0,"comment_status":"closed","ping_status":"closed","template":"","meta":{"footnotes":""},"class_list":["post-770","page","type-page","status-publish"],"_links":{"self":[{"href":"https:\/\/insecnology.com\/es\/wp-json\/wp\/v2\/pages\/770","targetHints":{"allow":["GET"]}}],"collection":[{"href":"https:\/\/insecnology.com\/es\/wp-json\/wp\/v2\/pages"}],"about":[{"href":"https:\/\/insecnology.com\/es\/wp-json\/wp\/v2\/types\/page"}],"author":[{"embeddable":true,"href":"https:\/\/insecnology.com\/es\/wp-json\/wp\/v2\/users\/14"}],"replies":[{"embeddable":true,"href":"https:\/\/insecnology.com\/es\/wp-json\/wp\/v2\/comments?post=770"}],"version-history":[{"count":10,"href":"https:\/\/insecnology.com\/es\/wp-json\/wp\/v2\/pages\/770\/revisions"}],"predecessor-version":[{"id":833,"href":"https:\/\/insecnology.com\/es\/wp-json\/wp\/v2\/pages\/770\/revisions\/833"}],"wp:attachment":[{"href":"https:\/\/insecnology.com\/es\/wp-json\/wp\/v2\/media?parent=770"}],"curies":[{"name":"wp","href":"https:\/\/api.w.org\/{rel}","templated":true}]}}