{"id":1070,"date":"2021-06-16T21:13:30","date_gmt":"2021-06-16T21:13:30","guid":{"rendered":"https:\/\/insecnology.com\/?post_type=product&#038;p=1070"},"modified":"2021-06-16T21:13:30","modified_gmt":"2021-06-16T21:13:30","slug":"formacion-cria-de-insectos","status":"publish","type":"product","link":"https:\/\/insecnology.com\/es\/product\/formacion-cria-de-insectos\/","title":{"rendered":"Formacion cria de insectos"},"content":{"rendered":"<p>CURSO DE INSECNOLOGY \u00a9 SISTEMA DE CR\u00cdA<\/p>\n<p>Paul Jacobs -Insecnology<\/p>\n<p>Con m\u00e1s de 25 a\u00f1os de experiencia en la cr\u00eda de insectos, podemos ofrecer capacitaci\u00f3n para aumentar la producci\u00f3n de su granja de cricket. La insecnolog\u00eda proporciona un sistema de reproducci\u00f3n \u00fanico para grillos y langostas.<\/p>\n<p>Somos especialistas en este mercado. Desde cero a una explotaci\u00f3n rentable<\/p>\n<p>Taller de sistema \u00a0de Insecnology\u00a9 (en l\u00ednea)<\/p>\n<p>Curso de 3 meses<\/p>\n<p>&#8211; Insecnolog\u00eda \u00a9 Manual de cr\u00eda<\/p>\n<p>&#8211; Analizando tus instalaciones<\/p>\n<p>&#8211; Asesoramiento en el dise\u00f1o de su instalaci\u00f3n de cr\u00eda<\/p>\n<p>&#8211; Formaci\u00f3n online en producci\u00f3n de huevos<\/p>\n<p>&#8211; Formaci\u00f3n online para criar grillos.<\/p>\n<p>&#8211; Soluci\u00f3n de problemas personales en l\u00ednea<\/p>\n<p>&#8211; Entrenamiento intensivo 3-4 veces por semana durante el primer ciclo de cr\u00eda<\/p>\n<p>&#8211; Entrenamiento 2 veces por semana en las siguientes semanas<\/p>\n<p>&#8211; Soporte personal online (limitado) en crianza tras finalizar el taller.<\/p>\n<p>&#8211; Descuentos en todo el material de cr\u00eda de Insecnology \u00a9<\/p>\n<p>El precio de este curso de 3 meses es de \u20ac 5.000, &#8211;<\/p>\n<p>Condiciones:<\/p>\n<p>Primer pago 2.500 \u20ac, &#8211; a la aceptaci\u00f3n de la oferta y 5 pagos bisemanal de 500 \u20ac,<\/p>\n<p>IVA no incl.<\/p>\n","protected":false},"excerpt":{"rendered":"<p>Formacion de cria de insectos<\/p>\n<p>Paul Jacobs<\/p>\n<p>Con m\u00e1s de 25 a\u00f1os de experiencia en la cr\u00eda de insectos, podemos ofrecer capacitaci\u00f3n para aumentar la producci\u00f3n de su granja de cricket. Insecnology proporciona un sistema de reproducci\u00f3n \u00fanico para grillos y langostas pero tambien tenemos experiencia con otros insectos<\/p>\n","protected":false},"featured_media":375,"comment_status":"closed","ping_status":"closed","template":"","meta":[],"product_brand":[],"product_cat":[35],"product_tag":[],"class_list":{"0":"post-1070","1":"product","2":"type-product","3":"status-publish","4":"has-post-thumbnail","6":"product_cat-uncategorized-es","8":"first","9":"instock","10":"shipping-taxable","11":"product-type-simple"},"_links":{"self":[{"href":"https:\/\/insecnology.com\/es\/wp-json\/wp\/v2\/product\/1070","targetHints":{"allow":["GET"]}}],"collection":[{"href":"https:\/\/insecnology.com\/es\/wp-json\/wp\/v2\/product"}],"about":[{"href":"https:\/\/insecnology.com\/es\/wp-json\/wp\/v2\/types\/product"}],"replies":[{"embeddable":true,"href":"https:\/\/insecnology.com\/es\/wp-json\/wp\/v2\/comments?post=1070"}],"wp:featuredmedia":[{"embeddable":true,"href":"https:\/\/insecnology.com\/es\/wp-json\/wp\/v2\/media\/375"}],"wp:attachment":[{"href":"https:\/\/insecnology.com\/es\/wp-json\/wp\/v2\/media?parent=1070"}],"wp:term":[{"taxonomy":"product_brand","embeddable":true,"href":"https:\/\/insecnology.com\/es\/wp-json\/wp\/v2\/product_brand?post=1070"},{"taxonomy":"product_cat","embeddable":true,"href":"https:\/\/insecnology.com\/es\/wp-json\/wp\/v2\/product_cat?post=1070"},{"taxonomy":"product_tag","embeddable":true,"href":"https:\/\/insecnology.com\/es\/wp-json\/wp\/v2\/product_tag?post=1070"}],"curies":[{"name":"wp","href":"https:\/\/api.w.org\/{rel}","templated":true}]}}