{"id":1077,"date":"2021-06-16T22:27:24","date_gmt":"2021-06-16T22:27:24","guid":{"rendered":"https:\/\/insecnology.com\/?post_type=product&#038;p=1077"},"modified":"2021-09-17T18:34:02","modified_gmt":"2021-09-17T18:34:02","slug":"contracto-de-ibs-consultorio","status":"publish","type":"product","link":"https:\/\/insecnology.com\/es\/product\/contracto-de-ibs-consultorio\/","title":{"rendered":"Contracto de IBS Consultorio"},"content":{"rendered":"<p>INSECNOLOG\u00cdA \u00a9 CONSULTOR\u00cdA DE SISTEMAS DE CR\u00cdA<\/p>\n<p>Paul Jacobs<\/p>\n<p>Con m\u00e1s de 25 a\u00f1os de experiencia en la cr\u00eda de insectos, podemos ofrecer consultor\u00eda en l\u00ednea para aumentar la producci\u00f3n de su granja de cricket. La insecnolog\u00eda proporciona un sistema de reproducci\u00f3n \u00fanico para grillos y langostas.<\/p>\n<p>Somos especialistas en este mercado. Desde cero hasta una explotaci\u00f3n rentable<\/p>\n<p>Consultor\u00eda de sistema \u00a0Insecnology\u00a9 \u00a0(en l\u00ednea)<\/p>\n<p>Contrato de 12 meses<\/p>\n<p>&#8211; Insecnolog\u00eda \u00a9 Manual de cr\u00eda<\/p>\n<p>&#8211; Analizamos tu granja<\/p>\n<p>&#8211; Asesoramiento en el dise\u00f1o de su instalaci\u00f3n de cr\u00eda<\/p>\n<p>&#8211; Formaci\u00f3n online en producci\u00f3n de huevos<\/p>\n<p>&#8211; Formaci\u00f3n online para criar grillos.<\/p>\n<p>&#8211; Soluci\u00f3n de problemas personales en l\u00ednea<\/p>\n<p>&#8211; Entrenamiento\u00a0 durante el primer ciclo de cr\u00eda<\/p>\n<p>&#8211; Por mes, 4 a 8 veces asesorando y evaluando la finca durante los meses siguientes<\/p>\n<p>&#8211; Soporte personal online (limitado) en la cr\u00eda tras finalizar el contrato.<\/p>\n<p>&#8211; Descuentos en todo el material de cr\u00eda de Insecnology \u00a9<\/p>\n<p>Contactenos para los precios de este contrato de consultor\u00eda de 12 meses.<\/p>\n<p>Formacion a domicilio: possible<\/p>\n<p>&nbsp;<\/p>\n","protected":false},"excerpt":{"rendered":"<p>Consultor\u00eda de sistema \u00a0Insecnology\u00a9 \u00a0(en l\u00ednea)<\/p>\n<p>Contrato de 12 meses<\/p>\n","protected":false},"featured_media":396,"comment_status":"closed","ping_status":"closed","template":"","meta":[],"product_brand":[],"product_cat":[35],"product_tag":[],"class_list":{"0":"post-1077","1":"product","2":"type-product","3":"status-publish","4":"has-post-thumbnail","6":"product_cat-uncategorized-es","8":"first","9":"instock","10":"shipping-taxable","11":"product-type-simple"},"_links":{"self":[{"href":"https:\/\/insecnology.com\/es\/wp-json\/wp\/v2\/product\/1077","targetHints":{"allow":["GET"]}}],"collection":[{"href":"https:\/\/insecnology.com\/es\/wp-json\/wp\/v2\/product"}],"about":[{"href":"https:\/\/insecnology.com\/es\/wp-json\/wp\/v2\/types\/product"}],"replies":[{"embeddable":true,"href":"https:\/\/insecnology.com\/es\/wp-json\/wp\/v2\/comments?post=1077"}],"wp:featuredmedia":[{"embeddable":true,"href":"https:\/\/insecnology.com\/es\/wp-json\/wp\/v2\/media\/396"}],"wp:attachment":[{"href":"https:\/\/insecnology.com\/es\/wp-json\/wp\/v2\/media?parent=1077"}],"wp:term":[{"taxonomy":"product_brand","embeddable":true,"href":"https:\/\/insecnology.com\/es\/wp-json\/wp\/v2\/product_brand?post=1077"},{"taxonomy":"product_cat","embeddable":true,"href":"https:\/\/insecnology.com\/es\/wp-json\/wp\/v2\/product_cat?post=1077"},{"taxonomy":"product_tag","embeddable":true,"href":"https:\/\/insecnology.com\/es\/wp-json\/wp\/v2\/product_tag?post=1077"}],"curies":[{"name":"wp","href":"https:\/\/api.w.org\/{rel}","templated":true}]}}