{"id":1214,"date":"2021-09-03T11:37:51","date_gmt":"2021-09-06T16:13:51","guid":{"rendered":"https:\/\/insecnology.com\/?post_type=product&#038;p=1214"},"modified":"2021-09-22T08:21:06","modified_gmt":"2021-09-22T08:21:06","slug":"device-small","status":"publish","type":"product","link":"https:\/\/insecnology.com\/es\/product\/device-small\/","title":{"rendered":"SET Comedero\/Bebedero Small"},"content":{"rendered":"<p>Nuestros dispositivos de pienso \/ agua le ahorra tiempo, alimento y dinero. Debido al dep\u00f3sito, sus insectos tendr\u00e1n su alimento y agua disponibles hasta\u00a0 2 semanas. Puedes salir de casa por d\u00edas.<\/p>\n<p>Los dispositivos est\u00e1n especialmente dise\u00f1ados para ofrecer alimento y agua durante un per\u00edodo prolongado. Recomendamos nuestro men\u00fa IBS Cricket especialmente mezclado para los comederos.<\/p>\n<p>Para montajes con 500 a 2000 grillos.<br \/>\nProporcione alimento y agua hasta 2 semanas (seg\u00fan el tama\u00f1o y n\u00famero)<\/p>\n<p>contiene:<br \/>\n1 comedero: dep\u00f3sito para aproximadamente 400-500 grs de pienso<br \/>\n1 botella 500cc<br \/>\n2 separador de pl\u00e1stico ws<br \/>\n16 toallitas para IWS<br \/>\n17,00 ahora @ 13,60<\/p>\n","protected":false},"excerpt":{"rendered":"<p>Set de comedero &amp; bebedero para grillos<\/p>\n<p>Para el mantenemiento de grillos hasta 2 semanas (segun\u00a0 cantidad y tama\u00f1o)<\/p>\n<p>comedero S<\/p>\n<p>Set Bebedero 500 cc<\/p>\n<p>&nbsp;<\/p>\n","protected":false},"featured_media":1195,"comment_status":"closed","ping_status":"closed","template":"","meta":[],"product_brand":[],"product_cat":[35],"product_tag":[],"class_list":{"0":"post-1214","1":"product","2":"type-product","3":"status-publish","4":"has-post-thumbnail","6":"product_cat-uncategorized-es","8":"first","9":"instock","10":"sale","11":"shipping-taxable","12":"purchasable","13":"product-type-simple"},"_links":{"self":[{"href":"https:\/\/insecnology.com\/es\/wp-json\/wp\/v2\/product\/1214","targetHints":{"allow":["GET"]}}],"collection":[{"href":"https:\/\/insecnology.com\/es\/wp-json\/wp\/v2\/product"}],"about":[{"href":"https:\/\/insecnology.com\/es\/wp-json\/wp\/v2\/types\/product"}],"replies":[{"embeddable":true,"href":"https:\/\/insecnology.com\/es\/wp-json\/wp\/v2\/comments?post=1214"}],"wp:featuredmedia":[{"embeddable":true,"href":"https:\/\/insecnology.com\/es\/wp-json\/wp\/v2\/media\/1195"}],"wp:attachment":[{"href":"https:\/\/insecnology.com\/es\/wp-json\/wp\/v2\/media?parent=1214"}],"wp:term":[{"taxonomy":"product_brand","embeddable":true,"href":"https:\/\/insecnology.com\/es\/wp-json\/wp\/v2\/product_brand?post=1214"},{"taxonomy":"product_cat","embeddable":true,"href":"https:\/\/insecnology.com\/es\/wp-json\/wp\/v2\/product_cat?post=1214"},{"taxonomy":"product_tag","embeddable":true,"href":"https:\/\/insecnology.com\/es\/wp-json\/wp\/v2\/product_tag?post=1214"}],"curies":[{"name":"wp","href":"https:\/\/api.w.org\/{rel}","templated":true}]}}