{"id":1223,"date":"2021-09-03T11:38:16","date_gmt":"2021-09-07T06:43:13","guid":{"rendered":"https:\/\/insecnology.com\/?post_type=product&#038;p=1223"},"modified":"2021-09-22T08:16:41","modified_gmt":"2021-09-22T08:16:41","slug":"feedwater-device-large","status":"publish","type":"product","link":"https:\/\/insecnology.com\/es\/product\/feedwater-device-large\/","title":{"rendered":"SET Comedero\/Bebedero Large"},"content":{"rendered":"<p>Nuestros dispositivos de pienso \/ agua le ahorra tiempo, alimento y dinero. Debido al dep\u00f3sito, sus insectos tendr\u00e1n su alimento y agua disponibles hasta\u00a0 2 semanas. Puedes salir de casa por d\u00edas.<\/p>\n<p>Los dispositivos est\u00e1n especialmente dise\u00f1ados para ofrecer alimento y agua durante un per\u00edodo prolongado. Recomendamos nuestro men\u00fa IBS Cricket especialmente mezclado para los comederos.<\/p>\n<p>Proporcione alimento y agua hasta 2 semanas hasta 5000 grillos (seg\u00fan el tama\u00f1o y el n\u00famero)<\/p>\n<p>Contiene:<br \/>\n1 Comedero con un deposito de 1500 gr. aprox.<br \/>\n1 bebedero 1000 cc<br \/>\n2 Plastic ws separator<br \/>\n16 toallitas para IWS<br \/>\ntotal\u00a0 \u00a0 \u00a0 \u00a0 \u00a0 \u00a0 \u00a0 \u00a0 \u00a0 \u00a0 \u00a0 \u00a0 \u00a0 \u00a0 \u00a0 \u00a0 \u00a0 \u00a0 \u00a0 \u00a0 \u00a0 \u00a0 \u00a0 \u00a0 \u00a0 \u00a0 \u00a0 \u20ac<del>\u00a024,50<\/del> now @ 19,20<\/p>\n","protected":false},"excerpt":{"rendered":"<p>Set de comedero &amp; bebedero para grillos<\/p>\n<p>Para el mantenemiento de hasta 5000 grillos hasta 2 semanas (segun\u00a0 cantidad y tama\u00f1o)<\/p>\n<p>comedero S<\/p>\n<p>Set Bebedero 500 cc<\/p>\n","protected":false},"featured_media":1202,"comment_status":"closed","ping_status":"closed","template":"","meta":[],"product_brand":[],"product_cat":[35],"product_tag":[],"class_list":{"0":"post-1223","1":"product","2":"type-product","3":"status-publish","4":"has-post-thumbnail","6":"product_cat-uncategorized-es","8":"first","9":"instock","10":"sale","11":"shipping-taxable","12":"purchasable","13":"product-type-simple"},"_links":{"self":[{"href":"https:\/\/insecnology.com\/es\/wp-json\/wp\/v2\/product\/1223","targetHints":{"allow":["GET"]}}],"collection":[{"href":"https:\/\/insecnology.com\/es\/wp-json\/wp\/v2\/product"}],"about":[{"href":"https:\/\/insecnology.com\/es\/wp-json\/wp\/v2\/types\/product"}],"replies":[{"embeddable":true,"href":"https:\/\/insecnology.com\/es\/wp-json\/wp\/v2\/comments?post=1223"}],"wp:featuredmedia":[{"embeddable":true,"href":"https:\/\/insecnology.com\/es\/wp-json\/wp\/v2\/media\/1202"}],"wp:attachment":[{"href":"https:\/\/insecnology.com\/es\/wp-json\/wp\/v2\/media?parent=1223"}],"wp:term":[{"taxonomy":"product_brand","embeddable":true,"href":"https:\/\/insecnology.com\/es\/wp-json\/wp\/v2\/product_brand?post=1223"},{"taxonomy":"product_cat","embeddable":true,"href":"https:\/\/insecnology.com\/es\/wp-json\/wp\/v2\/product_cat?post=1223"},{"taxonomy":"product_tag","embeddable":true,"href":"https:\/\/insecnology.com\/es\/wp-json\/wp\/v2\/product_tag?post=1223"}],"curies":[{"name":"wp","href":"https:\/\/api.w.org\/{rel}","templated":true}]}}