{"id":1282,"date":"2021-09-07T21:50:13","date_gmt":"2021-09-08T04:28:45","guid":{"rendered":"https:\/\/insecnology.com\/?post_type=product&#038;p=1282"},"modified":"2021-09-19T09:34:38","modified_gmt":"2021-09-19T09:34:38","slug":"fds-comedero-1-libra","status":"publish","type":"product","link":"https:\/\/insecnology.com\/es\/product\/fds-comedero-1-libra\/","title":{"rendered":"IBS Comederos"},"content":{"rendered":"<p>Nuestro comedero le ahorra tiempo y pienso . Debido al dep\u00f3sito, sus insectos tendr\u00e1n su alimento disponible hasta 2 semanas.<\/p>\n<p>Los dispositivos est\u00e1n especialmente dise\u00f1ados para ofrecer alimento durante un per\u00edodo prolongado. Recomendamos nuestro\u00a0 IBS Cricket-men\u00fa ,mezclado especialmente\u00a0 para el comedero.<\/p>\n<p>disponible en :<\/p>\n<p>FDS: deposito 400-500 gr.<\/p>\n<p>FDL: deposito 1300-1500 gr.<\/p>\n<p>FDXL: deposito de 400-500 gr.<\/p>\n","protected":false},"excerpt":{"rendered":"<p>Proporcione alimento a los grillos hasta 2 semanas sin p\u00e9rdidas.<\/p>\n<p>1 Comedero con un dep\u00f3sito para aproximadamente 1 libra de alimento para grillos<\/p>\n","protected":false},"featured_media":1278,"comment_status":"closed","ping_status":"closed","template":"","meta":[],"product_brand":[],"product_cat":[35],"product_tag":[],"class_list":{"0":"post-1282","1":"product","2":"type-product","3":"status-publish","4":"has-post-thumbnail","6":"product_cat-uncategorized-es","8":"first","9":"instock","10":"sale","11":"shipping-taxable","12":"purchasable","13":"product-type-variable"},"_links":{"self":[{"href":"https:\/\/insecnology.com\/es\/wp-json\/wp\/v2\/product\/1282","targetHints":{"allow":["GET"]}}],"collection":[{"href":"https:\/\/insecnology.com\/es\/wp-json\/wp\/v2\/product"}],"about":[{"href":"https:\/\/insecnology.com\/es\/wp-json\/wp\/v2\/types\/product"}],"replies":[{"embeddable":true,"href":"https:\/\/insecnology.com\/es\/wp-json\/wp\/v2\/comments?post=1282"}],"wp:featuredmedia":[{"embeddable":true,"href":"https:\/\/insecnology.com\/es\/wp-json\/wp\/v2\/media\/1278"}],"wp:attachment":[{"href":"https:\/\/insecnology.com\/es\/wp-json\/wp\/v2\/media?parent=1282"}],"wp:term":[{"taxonomy":"product_brand","embeddable":true,"href":"https:\/\/insecnology.com\/es\/wp-json\/wp\/v2\/product_brand?post=1282"},{"taxonomy":"product_cat","embeddable":true,"href":"https:\/\/insecnology.com\/es\/wp-json\/wp\/v2\/product_cat?post=1282"},{"taxonomy":"product_tag","embeddable":true,"href":"https:\/\/insecnology.com\/es\/wp-json\/wp\/v2\/product_tag?post=1282"}],"curies":[{"name":"wp","href":"https:\/\/api.w.org\/{rel}","templated":true}]}}