{"id":508,"date":"2021-06-02T09:20:32","date_gmt":"2021-06-02T10:02:22","guid":{"rendered":"https:\/\/insecnology.com\/?post_type=product&#038;p=508"},"modified":"2024-11-10T17:25:39","modified_gmt":"2024-11-10T17:25:39","slug":"estanteria-linea-profesional","status":"publish","type":"product","link":"https:\/\/insecnology.com\/es\/product\/estanteria-linea-profesional\/","title":{"rendered":"Estanterias Proline"},"content":{"rendered":"<p>Para obtener la mayor producci\u00f3n por metro cuadrado, los sistemas verticales son los m\u00e1s rentables.<\/p>\n<p>Insecnology Breeding Systems ofrece una amplia gama de productos para completar su granja.<\/p>\n<p>Nuestro sistema se basa en m\u00e1s de 20 a\u00f1os de experiencia y se utiliza en varios continentes del mundo.<\/p>\n<p>El material de las estanter\u00edas est\u00e1 disponible desde 2 niveles (1 nivel basado en el piso m\u00e1s un segundo nivel) hasta 4 niveles (1 nivel basado en el piso m\u00e1s 3 niveles). Depende de la altura de su instalaci\u00f3n de cr\u00eda.<\/p>\n<p>El material de las estanter\u00edas se ofrece en 3 modelos:<\/p>\n<p>Los m\u00f3dulos son expandibles y conectables en longitud y altura.<\/p>\n<p>Nota: los m\u00f3dulos est\u00e1n conectados entre s\u00ed y al final de cada l\u00ednea de cultivo se necesitar\u00e1 un extremo vertical para soportar el \u00faltimo m\u00f3dulo.<\/p>\n<p>&nbsp;<\/p>\n<p>IBSMOD2:<\/p>\n<p>1 upright 2 levels<\/p>\n<p>2 beams<\/p>\n<p>4 crossbars<\/p>\n<p>4 IBS breeding containers<\/p>\n<p>&nbsp;<\/p>\n<p>IBSMOD3:<\/p>\n<p>1 upright 3 levels<\/p>\n<p>4 beams<\/p>\n<p>8 crossbars<\/p>\n<p>6 IBS breeding containers<\/p>\n<p>&nbsp;<\/p>\n<p>IBSMOD4:<\/p>\n<p>1 upright 4 levels<\/p>\n<p>6 beams<\/p>\n<p>12 crossbars<\/p>\n<p>8 IBS breeding containers<\/p>\n<p>&nbsp;<\/p>\n","protected":false},"excerpt":{"rendered":"<p>IBS Proline -Sistemas de cr\u00eda vertical con estanter\u00edas<\/p>\n<p>Para obtener la mayor producci\u00f3n por metro cuadrado, los sistemas verticales son los m\u00e1s rentables. Insecnology Breeding Systems ofrece una amplia gama de productos para completar su granja.<\/p>\n","protected":false},"featured_media":1081,"comment_status":"open","ping_status":"closed","template":"","meta":[],"product_brand":[],"product_cat":[35],"product_tag":[],"class_list":{"0":"post-508","1":"product","2":"type-product","3":"status-publish","4":"has-post-thumbnail","6":"product_cat-uncategorized-es","8":"first","9":"instock","10":"shipping-taxable","11":"product-type-simple"},"_links":{"self":[{"href":"https:\/\/insecnology.com\/es\/wp-json\/wp\/v2\/product\/508","targetHints":{"allow":["GET"]}}],"collection":[{"href":"https:\/\/insecnology.com\/es\/wp-json\/wp\/v2\/product"}],"about":[{"href":"https:\/\/insecnology.com\/es\/wp-json\/wp\/v2\/types\/product"}],"replies":[{"embeddable":true,"href":"https:\/\/insecnology.com\/es\/wp-json\/wp\/v2\/comments?post=508"}],"wp:featuredmedia":[{"embeddable":true,"href":"https:\/\/insecnology.com\/es\/wp-json\/wp\/v2\/media\/1081"}],"wp:attachment":[{"href":"https:\/\/insecnology.com\/es\/wp-json\/wp\/v2\/media?parent=508"}],"wp:term":[{"taxonomy":"product_brand","embeddable":true,"href":"https:\/\/insecnology.com\/es\/wp-json\/wp\/v2\/product_brand?post=508"},{"taxonomy":"product_cat","embeddable":true,"href":"https:\/\/insecnology.com\/es\/wp-json\/wp\/v2\/product_cat?post=508"},{"taxonomy":"product_tag","embeddable":true,"href":"https:\/\/insecnology.com\/es\/wp-json\/wp\/v2\/product_tag?post=508"}],"curies":[{"name":"wp","href":"https:\/\/api.w.org\/{rel}","templated":true}]}}